{"id":332,"date":"2025-11-07T09:54:16","date_gmt":"2025-11-07T09:54:16","guid":{"rendered":"https:\/\/v2.christinabartl.com\/?page_id=332"},"modified":"2026-02-26T10:24:22","modified_gmt":"2026-02-26T10:24:22","slug":"sobre-nosotros","status":"publish","type":"page","link":"https:\/\/v2.christinabartl.com\/de\/sobre-nosotros\/","title":{"rendered":"\u00dcber uns"},"content":{"rendered":"<section class=\"bde-section-332-184 bde-section\" data-entrance=\"slideUp\">\n  \n  \n\t\n\n\n\n<div class=\"section-container\"><div class=\"bde-div-332-185 bde-div\">\n  \n  \n\t\n\n\n\n<div class=\"bde-columns-332-186 bde-columns\"><div class=\"bde-column-332-187 bde-column\">\n  \n  \n\t\n\n\n\n<h2 class=\"bde-heading-332-188 bde-heading\">\nLeidenschaft, Erfahrung und dein Wohlbefinden\n<\/h2><div class=\"bde-text-332-189 bde-text\">\nWusstes du, dass uns zusammen ein halbes Jahrhundert Fachwissen verbindet? Das ist eine Zahl, auf die wir stolz sind, aber viel wichtiger ist uns das, was dahintersteckt: Echte Hingabe f\u00fcr das, was wir tun.<br>Ich begleite Menschen seit 35 Jahren auf ihrem Weg, w\u00e4hrend Tanja seit mehr als 15 Jahren ihr spezialisiertes technisches Wissen einbringt.<br>Was uns verbindet? \nDie \u00dcberzeugung, dass man nie auslernt. Deshalb bleiben wir f\u00fcr dich in Bewegung \u2013 mit st\u00e4ndiger Weiterbildung und dem Ziel, dir genau die Unterst\u00fctzung zu geben, die du gerade brauchst.\nWir freuen uns darauf, dich pers\u00f6nlich<br>kennenzulernen und unser Wissen mit dir zu teilen!<br>\n<\/div><div class=\"bde-columns-332-190 bde-columns\"><div class=\"bde-column-332-191 bde-column\">\n  \n  \n\t\n\n\n\n<div class=\"bde-div-332-192 bde-div\">\n  \n  \n\t\n\n\n\n<div class=\"bde-button-332-199 bde-button\">\n    \n                                    \n    \n    \n    \n    \n            \n                    \n            \n            \n\n    \n    \n    \n    \n    \n    <a class=\"breakdance-link button-atom button-atom--secondary bde-button__button\" href=\"\/de\/contacto\/\" target=\"_self\" data-type=\"url\"  >\n\n    \n        <span class=\"button-atom__text\">Mehr erfahren<\/span>\n\n        \n        \n                <\/a>\n\n    \n\n\n<\/div>\n<\/div>\n<\/div><\/div>\n<\/div><div class=\"bde-column-332-195 bde-column\">\n  \n  \n\t\n\n\n\n<div class=\"bde-div-332-196 bde-div\">\n  \n  \n\t\n\n\n\n<img decoding=\"async\" class=\"bde-image2-332-197 bde-image2\" src=\"https:\/\/v2.christinabartl.com\/wp-content\/uploads\/2025\/12\/2-e1768468392832.png\" loading=\"lazy\" srcset=\"https:\/\/v2.christinabartl.com\/wp-content\/uploads\/2025\/12\/2-e1768468392832.png 605w, https:\/\/v2.christinabartl.com\/wp-content\/uploads\/2025\/12\/2-e1768468392832-300x206.png 300w, https:\/\/v2.christinabartl.com\/wp-content\/uploads\/2025\/12\/2-e1768468392832-600x412.png 600w\" sizes=\"(max-width: 605px) 100vw, 605px\">\n<\/div>\n<\/div><\/div>\n<\/div><\/div>\n<\/section><section class=\"bde-section-332-227 bde-section\" data-entrance=\"slideUp\">\n  \n  \n\t\n\n\n\n<div class=\"section-container\"><div class=\"bde-div-332-228 bde-div\">\n  \n  \n\t\n\n\n\n<div class=\"bde-columns-332-229 bde-columns\"><div class=\"bde-column-332-230 bde-column\">\n  \n  \n\t\n\n\n\n<h2 class=\"bde-heading-332-231 bde-heading\">\nLeidenschaft, Erfahrung und dein Wohlbefinden\n<\/h2><div class=\"bde-text-332-232 bde-text\">\nWusstes du, dass uns zusammen ein halbes Jahrhundert Fachwissen verbindet? Das ist eine Zahl, auf die wir stolz sind, aber viel wichtiger ist uns das, was dahintersteckt: Echte Hingabe f\u00fcr das, was wir tun.<br>Ich begleite Menschen seit 35 Jahren auf ihrem Weg, w\u00e4hrend Tanja seit mehr als 15 Jahren ihr spezialisiertes technisches Wissen einbringt.<br>Was uns verbindet? \nDie \u00dcberzeugung, dass man nie auslernt. Deshalb bleiben wir f\u00fcr dich in Bewegung \u2013 mit st\u00e4ndiger Weiterbildung und dem Ziel, dir genau die Unterst\u00fctzung zu geben, die du gerade brauchst.\nWir freuen uns darauf, dich pers\u00f6nlich<br>kennenzulernen und unser Wissen mit dir zu teilen!<br>\n<\/div><div class=\"bde-columns-332-233 bde-columns\"><div class=\"bde-column-332-234 bde-column\">\n  \n  \n\t\n\n\n\n<div class=\"bde-div-332-235 bde-div\">\n  \n  \n\t\n\n\n\n<div class=\"bde-button-332-236 bde-button\">\n    \n                                    \n    \n    \n    \n    \n            \n                    \n            \n            \n\n    \n    \n    \n    \n    \n    <a class=\"breakdance-link button-atom button-atom--secondary bde-button__button\" href=\"\/de\/contacto\/\" target=\"_self\" data-type=\"url\"  >\n\n    \n        <span class=\"button-atom__text\">Mehr erfahren<\/span>\n\n        \n        \n                <\/a>\n\n    \n\n\n<\/div>\n<\/div>\n<\/div><\/div>\n<\/div><div class=\"bde-column-332-237 bde-column\">\n  \n  \n\t\n\n\n\n<div class=\"bde-div-332-238 bde-div\">\n  \n  \n\t\n\n\n\n<img decoding=\"async\" class=\"bde-image2-332-239 bde-image2\" src=\"https:\/\/v2.christinabartl.com\/wp-content\/uploads\/2025\/12\/2-e1768468392832.png\" loading=\"lazy\" srcset=\"https:\/\/v2.christinabartl.com\/wp-content\/uploads\/2025\/12\/2-e1768468392832.png 605w, https:\/\/v2.christinabartl.com\/wp-content\/uploads\/2025\/12\/2-e1768468392832-300x206.png 300w, https:\/\/v2.christinabartl.com\/wp-content\/uploads\/2025\/12\/2-e1768468392832-600x412.png 600w\" sizes=\"(max-width: 605px) 100vw, 605px\">\n<\/div>\n<\/div><\/div>\n<\/div><\/div>\n<\/section><section class=\"bde-section-332-118 bde-section\">\n  \n  \n\t\n\n\n\n<div class=\"section-container\"><div class=\"bde-columns-332-119 bde-columns\" data-entrance=\"slideUp\"><div class=\"bde-column-332-120 bde-column\">\n  \n  \n\t\n\n\n\n<div class=\"bde-image-332-121 bde-image\">\n<figure class=\"breakdance-image breakdance-image--467\">\n\t<div class=\"breakdance-image-container\">\n\t\t<div class=\"breakdance-image-clip\"><img loading=\"lazy\" decoding=\"async\" class=\"breakdance-image-object\" src=\"https:\/\/v2.christinabartl.com\/wp-content\/uploads\/2025\/11\/1000052192-e1763120286100.png\" width=\"802\" height=\"647\" srcset=\"https:\/\/v2.christinabartl.com\/wp-content\/uploads\/2025\/11\/1000052192-e1763120286100.png 802w, https:\/\/v2.christinabartl.com\/wp-content\/uploads\/2025\/11\/1000052192-e1763120286100-300x242.png 300w, https:\/\/v2.christinabartl.com\/wp-content\/uploads\/2025\/11\/1000052192-e1763120286100-768x620.png 768w, https:\/\/v2.christinabartl.com\/wp-content\/uploads\/2025\/11\/1000052192-e1763120286100-600x484.png 600w\" sizes=\"auto, (max-width: 802px) 100vw, 802px\"><\/div>\n\t<\/div><\/figure>\n\n<\/div>\n<\/div><div class=\"bde-column-332-125 bde-column\">\n  \n  \n\t\n\n\n\n<div class=\"bde-div-332-126 bde-div\">\n  \n  \n\t\n\n\n\n<h2 class=\"bde-heading-332-128 bde-heading\">\nBewusste Sch\u00f6nheit. Echtes Wohlbefinden.\n<\/h2><h2 class=\"bde-heading-332-225 bde-heading\">\nBewusste Sch\u00f6nheit. Echtes Wohlbefinden.\n<\/h2><div class=\"bde-text-332-129 bde-text\">\nWir sind \u00fcberzeugt: Sch\u00f6nheit l\u00e4sst sich nicht erzwingen \u2013 sie w\u00e4chst von innen heraus.<br>\u200bWahre Sch\u00f6nheit l\u00e4sst sich nicht erzwingen \u2013 sie entfaltet sich durch die richtige Balance. Wir kombinieren die Sanftheit der Natur mit moderner Pr\u00e4zision.<br><br>Unsere Philosophie basiert auf drei grundlegenden S\u00e4ulen:\n<\/div><div class=\"bde-text-332-226 bde-text\">\nWir sind \u00fcberzeugt: Sch\u00f6nheit l\u00e4sst sich nicht erzwingen \u2013 sie w\u00e4chst von innen heraus.<br>\u200bWahre Sch\u00f6nheit l\u00e4sst sich nicht erzwingen \u2013 sie entfaltet sich durch die richtige Balance. Wir kombinieren die Sanftheit der Natur mit moderner Pr\u00e4zision.<br><br>Unsere Philosophie basiert auf drei grundlegenden S\u00e4ulen:\n<\/div><div class=\"bde-icon-list-332-130 bde-icon-list\">\n<ul>\n  \n              \n    <li>\n              <div class='bde-icon-list__item-wrapper'>\n      \n      <span class='bde-icon-list__icon'>\n        <svg xmlns=\"http:\/\/www.w3.org\/2000\/svg\" id=\"icon-checkbox-checked\" viewbox=\"0 0 32 32\">\n<path d=\"M28 0h-24c-2.2 0-4 1.8-4 4v24c0 2.2 1.8 4 4 4h24c2.2 0 4-1.8 4-4v-24c0-2.2-1.8-4-4-4zM14 24.828l-7.414-7.414 2.828-2.828 4.586 4.586 9.586-9.586 2.828 2.828-12.414 12.414z\"\/>\n<\/svg>\n      <\/span>\n      <span class='bde-icon-list__text' >\n      \u200bHigh-Tech &amp; Natur: Zertifizierte Naturkosmetik trifft auf hochwirksame japanische Hightech-Pflege. Maximale Ergebnisse, die deine Haut respektieren.\n      <\/span>\n              <\/div>\n      \n    <\/li>\n\n  \n              \n    <li>\n              <div class='bde-icon-list__item-wrapper'>\n      \n      <span class='bde-icon-list__icon'>\n        <svg xmlns=\"http:\/\/www.w3.org\/2000\/svg\" id=\"icon-checkbox-checked\" viewbox=\"0 0 32 32\">\n<path d=\"M28 0h-24c-2.2 0-4 1.8-4 4v24c0 2.2 1.8 4 4 4h24c2.2 0 4-1.8 4-4v-24c0-2.2-1.8-4-4-4zM14 24.828l-7.414-7.414 2.828-2.828 4.586 4.586 9.586-9.586 2.828 2.828-12.414 12.414z\"\/>\n<\/svg>\n      <\/span>\n      <span class='bde-icon-list__text' >\n      \u200bAusdruck &amp; Pr\u00e4zision: Unser spezialisiertes PMU betont deine Vorz\u00fcge dauerhaft und dezent. Ein Look, der deine Ausstrahlung unterstreicht.\n      <\/span>\n              <\/div>\n      \n    <\/li>\n\n  \n              \n    <li>\n              <div class='bde-icon-list__item-wrapper'>\n      \n      <span class='bde-icon-list__icon'>\n        <svg xmlns=\"http:\/\/www.w3.org\/2000\/svg\" id=\"icon-checkbox-checked\" viewbox=\"0 0 32 32\">\n<path d=\"M28 0h-24c-2.2 0-4 1.8-4 4v24c0 2.2 1.8 4 4 4h24c2.2 0 4-1.8 4-4v-24c0-2.2-1.8-4-4-4zM14 24.828l-7.414-7.414 2.828-2.828 4.586 4.586 9.586-9.586 2.828 2.828-12.414 12.414z\"\/>\n<\/svg>\n      <\/span>\n      <span class='bde-icon-list__text' >\n      Ganzheitliche Wirkung: Wir verbinden \u00c4sthetik mit energetischem Gleichgewicht. F\u00fcr Ergebnisse, die du nicht nur siehst, sondern auch sp\u00fcrst.\n      <\/span>\n              <\/div>\n      \n    <\/li>\n\n  <\/ul>\n\n<\/div>\n<\/div>\n<\/div><\/div><\/div>\n<\/section><section class=\"bde-section-332-175 bde-section\" data-entrance=\"slideUp\">\n              \n  \n  \n\t\n\n  <div class=\"section-background-overlay\"><\/div>\n\n\n        <div class=\"section-shape-divider-wrapper section-shape-divider-wrapper--1\">\n          <span class=\"section-shape-divider\">\n                      <svg\n                xmlns=\"http:\/\/www.w3.org\/2000\/svg\"\n                viewbox=\"0 0 1440 320\"\n                preserveaspectratio=\"none\"\n            >\n              <path fill=\"currentColor\" fill-opacity=\"1\" d=\"M0,32L51.4,96L102.9,96L154.3,64L205.7,256L257.1,224L308.6,224L360,224L411.4,256L462.9,192L514.3,96L565.7,128L617.1,288L668.6,96L720,128L771.4,224L822.9,256L874.3,224L925.7,288L977.1,96L1028.6,160L1080,192L1131.4,128L1182.9,288L1234.3,256L1285.7,96L1337.1,32L1388.6,64L1440,96L1440,320L1388.6,320L1337.1,320L1285.7,320L1234.3,320L1182.9,320L1131.4,320L1080,320L1028.6,320L977.1,320L925.7,320L874.3,320L822.9,320L771.4,320L720,320L668.6,320L617.1,320L565.7,320L514.3,320L462.9,320L411.4,320L360,320L308.6,320L257.1,320L205.7,320L154.3,320L102.9,320L51.4,320L0,320Z\"><\/path>\n            <\/svg>\n                    <\/span>\n      <\/div>\n  <div class=\"section-container\"><h2 class=\"bde-heading-332-180 bde-heading\">\nProfessionelle \u00c4sthetik mit Herz\n<\/h2><div class=\"bde-text-332-178 bde-text\">\nHinter Centro Hol\u00edstico \u201eBe Life\u201c steht ein Team aus Spezialistinnen f\u00fcr moderne, ganzheitliche \u00c4sthetik und pr\u00e4zises PMU<br>Mit jahrelanger Erfahrung und technischem Know-how setzen wir h\u00f6chste Ma\u00dfst\u00e4be f\u00fcr deine Ergebnisse.\n<\/div><div class=\"bde-button-332-181 bde-button\">\n    \n                                    \n    \n    \n    \n    \n            \n                    \n            \n            \n\n    \n    \n    \n    \n    \n    <a class=\"breakdance-link button-atom button-atom--primary bde-button__button\" href=\"\/de\/equipo\/\" target=\"_self\" data-type=\"url\"  >\n\n    \n        <span class=\"button-atom__text\">Lernen Sie unser Team kennen<\/span>\n\n        \n        \n                <\/a>\n\n    \n\n\n<\/div><\/div>\n<\/section>","protected":false},"excerpt":{"rendered":"<p>Pasi\u00f3n, Experiencia y Bienestar \u200bEn nuestro centro, tu bienestar est\u00e1 en manos de profesionales que aman lo que hacen. Nos sentimos afortunados de acompa\u00f1arte en tu camino hacia el equilibrio, aportando una formaci\u00f3n s\u00f3lida y el compromiso de dar siempre lo mejor de nosotros.\u200bLo que nos define es la combinaci\u00f3n de nuestras trayectorias: yo cuento [&hellip;]<\/p>\n","protected":false},"author":1,"featured_media":0,"parent":0,"menu_order":0,"comment_status":"closed","ping_status":"closed","template":"","meta":{"_breakdance_hide_in_design_set":false,"_breakdance_tags":"","footnotes":""},"class_list":["post-332","page","type-page","status-publish","hentry"],"_links":{"self":[{"href":"https:\/\/v2.christinabartl.com\/de\/wp-json\/wp\/v2\/pages\/332","targetHints":{"allow":["GET"]}}],"collection":[{"href":"https:\/\/v2.christinabartl.com\/de\/wp-json\/wp\/v2\/pages"}],"about":[{"href":"https:\/\/v2.christinabartl.com\/de\/wp-json\/wp\/v2\/types\/page"}],"author":[{"embeddable":true,"href":"https:\/\/v2.christinabartl.com\/de\/wp-json\/wp\/v2\/users\/1"}],"replies":[{"embeddable":true,"href":"https:\/\/v2.christinabartl.com\/de\/wp-json\/wp\/v2\/comments?post=332"}],"version-history":[{"count":43,"href":"https:\/\/v2.christinabartl.com\/de\/wp-json\/wp\/v2\/pages\/332\/revisions"}],"predecessor-version":[{"id":1238,"href":"https:\/\/v2.christinabartl.com\/de\/wp-json\/wp\/v2\/pages\/332\/revisions\/1238"}],"wp:attachment":[{"href":"https:\/\/v2.christinabartl.com\/de\/wp-json\/wp\/v2\/media?parent=332"}],"curies":[{"name":"wp","href":"https:\/\/api.w.org\/{rel}","templated":true}]}}